{"id":129,"date":"2023-06-06T10:52:13","date_gmt":"2023-06-06T10:52:13","guid":{"rendered":"https:\/\/asociacionafectadosgrupoherrerobrigantina.es\/?page_id=129"},"modified":"2023-06-06T15:32:40","modified_gmt":"2023-06-06T15:32:40","slug":"proyecto","status":"publish","type":"page","link":"https:\/\/asociacionafectadosgrupoherrerobrigantina.es\/index.php\/proyecto\/","title":{"rendered":"Proyecto"},"content":{"rendered":"\t\t<div data-elementor-type=\"wp-page\" data-elementor-id=\"129\" class=\"elementor elementor-129\" data-elementor-post-type=\"page\">\n\t\t\t\t\t\t<section class=\"elementor-section elementor-top-section elementor-element elementor-element-1502bda6 elementor-section-full_width elementor-section-height-default elementor-section-height-default\" data-id=\"1502bda6\" data-element_type=\"section\" data-e-type=\"section\" id=\"Quequierescompraryvender\">\n\t\t\t\t\t\t<div class=\"elementor-container elementor-column-gap-default\">\n\t\t\t\t\t<div class=\"elementor-column elementor-col-100 elementor-top-column elementor-element elementor-element-41a6c77c\" data-id=\"41a6c77c\" data-element_type=\"column\" data-e-type=\"column\">\n\t\t\t<div class=\"elementor-widget-wrap elementor-element-populated\">\n\t\t\t\t\t\t<section class=\"elementor-section elementor-inner-section elementor-element elementor-element-15475c4a elementor-section-boxed elementor-section-height-default elementor-section-height-default\" data-id=\"15475c4a\" data-element_type=\"section\" data-e-type=\"section\">\n\t\t\t\t\t\t<div class=\"elementor-container elementor-column-gap-default\">\n\t\t\t\t\t<div class=\"elementor-column elementor-col-50 elementor-inner-column elementor-element elementor-element-4ad9c44\" data-id=\"4ad9c44\" data-element_type=\"column\" data-e-type=\"column\">\n\t\t\t<div class=\"elementor-widget-wrap elementor-element-populated\">\n\t\t\t\t\t\t<div class=\"elementor-element elementor-element-7346e8d4 elementor-widget elementor-widget-heading\" data-id=\"7346e8d4\" data-element_type=\"widget\" data-e-type=\"widget\" data-widget_type=\"heading.default\">\n\t\t\t\t<div class=\"elementor-widget-container\">\n\t\t\t\t\t<h2 class=\"elementor-heading-title elementor-size-default\">PROYECTO<\/h2>\t\t\t\t<\/div>\n\t\t\t\t<\/div>\n\t\t\t\t<div class=\"elementor-element elementor-element-2ee06a89 elementor-widget elementor-widget-text-editor\" data-id=\"2ee06a89\" data-element_type=\"widget\" data-e-type=\"widget\" data-widget_type=\"text-editor.default\">\n\t\t\t\t<div class=\"elementor-widget-container\">\n\t\t\t\t\t\t\t\t\t<p>Nuestro objetivo es unir a todos los afectados que han sido perjudicados por un delito de estafa en inversiones\u00a0 relacionadas con el grupo de empresas Herrero Brigantina y para ello utilizaremos informes de peritos economistas para desentra\u00f1ar la madeja de sociedades sobre las que se ha tejido todo este presunto fraude que sin duda ser\u00e1n \u00fatiles en el procedimiento judicial as\u00ed como recopilamos todos los documentos justificativos del fraude, contratos, transferencias bancarias, promesas de rentabilidades futuras, conversaciones&#8230; etc&#8230; sistemas que aunque novedosos por la misere in scene que utilizan no lo es en cuanto al sistema piramidal que desde hace ya muchos a\u00f1os se viene utilizando en las estafas piramidales del Sistema Ponzi. La uni\u00f3n de todos los afectados da la fuerza necesaria para ejercer presi\u00f3n ante los Organismos P\u00fablicos para que se atiendan las demandas de un colectivo y por eso apelamos a la unidad de todos los afectados en cada una de las empresas que han utilizado m\u00e9todos fraudulentos con los clientes para arrebatarles su dinero y las rentabilidades prometidas.<\/p><p>\u00danete a todos los afectados que ya est\u00e1n reclamando lo que les pertenece. Entre todos, con la colaboraci\u00f3n de todos, la batalla es m\u00e1s f\u00e1cil de ganar.<\/p><p>Desde aqu\u00ed animamos a todos a movilizarse en la lucha por la defensa de sus derechos.\u00a0<\/p><p>\u00a0<\/p>\t\t\t\t\t\t\t\t<\/div>\n\t\t\t\t<\/div>\n\t\t\t\t\t<\/div>\n\t\t<\/div>\n\t\t\t\t<div class=\"elementor-column elementor-col-50 elementor-inner-column elementor-element elementor-element-289b6e62\" data-id=\"289b6e62\" data-element_type=\"column\" data-e-type=\"column\">\n\t\t\t<div class=\"elementor-widget-wrap elementor-element-populated\">\n\t\t\t\t\t\t<div class=\"elementor-element elementor-element-1e14af8b elementor-widget elementor-widget-image\" data-id=\"1e14af8b\" data-element_type=\"widget\" data-e-type=\"widget\" data-widget_type=\"image.default\">\n\t\t\t\t<div class=\"elementor-widget-container\">\n\t\t\t\t\t\t\t\t\t\t\t\t\t\t\t<img fetchpriority=\"high\" decoding=\"async\" width=\"683\" height=\"1024\" src=\"https:\/\/asociacionafectadosgrupoherrerobrigantina.es\/wp-content\/uploads\/2023\/06\/bodegon-balanza-justicia-scaled-1-683x1024.jpg\" class=\"attachment-large size-large wp-image-25\" alt=\"\" srcset=\"https:\/\/asociacionafectadosgrupoherrerobrigantina.es\/wp-content\/uploads\/2023\/06\/bodegon-balanza-justicia-scaled-1-683x1024.jpg 683w, https:\/\/asociacionafectadosgrupoherrerobrigantina.es\/wp-content\/uploads\/2023\/06\/bodegon-balanza-justicia-scaled-1-200x300.jpg 200w, https:\/\/asociacionafectadosgrupoherrerobrigantina.es\/wp-content\/uploads\/2023\/06\/bodegon-balanza-justicia-scaled-1-768x1152.jpg 768w, https:\/\/asociacionafectadosgrupoherrerobrigantina.es\/wp-content\/uploads\/2023\/06\/bodegon-balanza-justicia-scaled-1-1024x1536.jpg 1024w, https:\/\/asociacionafectadosgrupoherrerobrigantina.es\/wp-content\/uploads\/2023\/06\/bodegon-balanza-justicia-scaled-1-1366x2048.jpg 1366w, https:\/\/asociacionafectadosgrupoherrerobrigantina.es\/wp-content\/uploads\/2023\/06\/bodegon-balanza-justicia-scaled-1.jpg 1707w\" sizes=\"(max-width: 683px) 100vw, 683px\" \/>\t\t\t\t\t\t\t\t\t\t\t\t\t\t\t<\/div>\n\t\t\t\t<\/div>\n\t\t\t\t\t<\/div>\n\t\t<\/div>\n\t\t\t\t\t<\/div>\n\t\t<\/section>\n\t\t\t\t\t<\/div>\n\t\t<\/div>\n\t\t\t\t\t<\/div>\n\t\t<\/section>\n\t\t\t\t<\/div>\n\t\t","protected":false},"excerpt":{"rendered":"<p>PROYECTO Nuestro objetivo es unir a todos los afectados que han sido perjudicados por un delito de estafa en inversiones&nbsp; relacionadas con el grupo de empresas Herrero Brigantina y para ello utilizaremos informes de peritos economistas para desentra\u00f1ar la madeja de sociedades sobre las que se ha tejido todo este presunto fraude que sin duda [&hellip;]<\/p>\n","protected":false},"author":1,"featured_media":0,"parent":0,"menu_order":0,"comment_status":"closed","ping_status":"closed","template":"","meta":{"_uf_show_specific_survey":0,"_uf_disable_surveys":false,"site-sidebar-layout":"no-sidebar","site-content-layout":"page-builder","ast-site-content-layout":"default","site-content-style":"default","site-sidebar-style":"default","ast-global-header-display":"","ast-banner-title-visibility":"","ast-main-header-display":"","ast-hfb-above-header-display":"","ast-hfb-below-header-display":"","ast-hfb-mobile-header-display":"","site-post-title":"disabled","ast-breadcrumbs-content":"","ast-featured-img":"disabled","footer-sml-layout":"","ast-disable-related-posts":"","theme-transparent-header-meta":"","adv-header-id-meta":"","stick-header-meta":"","header-above-stick-meta":"","header-main-stick-meta":"","header-below-stick-meta":"","astra-migrate-meta-layouts":"default","ast-page-background-enabled":"default","ast-page-background-meta":{"desktop":{"background-color":"var(--ast-global-color-4)","background-image":"","background-repeat":"repeat","background-position":"center center","background-size":"auto","background-attachment":"scroll","background-type":"","background-media":"","overlay-type":"","overlay-color":"","overlay-opacity":"","overlay-gradient":""},"tablet":{"background-color":"","background-image":"","background-repeat":"repeat","background-position":"center center","background-size":"auto","background-attachment":"scroll","background-type":"","background-media":"","overlay-type":"","overlay-color":"","overlay-opacity":"","overlay-gradient":""},"mobile":{"background-color":"","background-image":"","background-repeat":"repeat","background-position":"center center","background-size":"auto","background-attachment":"scroll","background-type":"","background-media":"","overlay-type":"","overlay-color":"","overlay-opacity":"","overlay-gradient":""}},"ast-content-background-meta":{"desktop":{"background-color":"var(--ast-global-color-5)","background-image":"","background-repeat":"repeat","background-position":"center center","background-size":"auto","background-attachment":"scroll","background-type":"","background-media":"","overlay-type":"","overlay-color":"","overlay-opacity":"","overlay-gradient":""},"tablet":{"background-color":"var(--ast-global-color-5)","background-image":"","background-repeat":"repeat","background-position":"center center","background-size":"auto","background-attachment":"scroll","background-type":"","background-media":"","overlay-type":"","overlay-color":"","overlay-opacity":"","overlay-gradient":""},"mobile":{"background-color":"var(--ast-global-color-5)","background-image":"","background-repeat":"repeat","background-position":"center center","background-size":"auto","background-attachment":"scroll","background-type":"","background-media":"","overlay-type":"","overlay-color":"","overlay-opacity":"","overlay-gradient":""}},"footnotes":""},"class_list":["post-129","page","type-page","status-publish","hentry"],"yoast_head":"<!-- This site is optimized with the Yoast SEO plugin v27.5 - https:\/\/yoast.com\/product\/yoast-seo-wordpress\/ -->\n<title>Proyecto -<\/title>\n<meta name=\"robots\" content=\"index, follow, max-snippet:-1, max-image-preview:large, max-video-preview:-1\" \/>\n<link rel=\"canonical\" href=\"https:\/\/asociacionafectadosgrupoherrerobrigantina.es\/\" \/>\n<meta property=\"og:locale\" content=\"es_ES\" \/>\n<meta property=\"og:type\" content=\"article\" \/>\n<meta property=\"og:title\" content=\"Proyecto -\" \/>\n<meta property=\"og:description\" content=\"PROYECTO Nuestro objetivo es unir a todos los afectados que han sido perjudicados por un delito de estafa en inversiones&nbsp; relacionadas con el grupo de empresas Herrero Brigantina y para ello utilizaremos informes de peritos economistas para desentra\u00f1ar la madeja de sociedades sobre las que se ha tejido todo este presunto fraude que sin duda [&hellip;]\" \/>\n<meta property=\"og:url\" content=\"https:\/\/asociacionafectadosgrupoherrerobrigantina.es\/\" \/>\n<meta property=\"article:modified_time\" content=\"2023-06-06T15:32:40+00:00\" \/>\n<meta property=\"og:image\" content=\"https:\/\/asociacionafectadosgrupoherrerobrigantina.es\/wp-content\/uploads\/2023\/06\/bodegon-balanza-justicia-scaled-1-683x1024.jpg\" \/>\n<meta name=\"twitter:card\" content=\"summary_large_image\" \/>\n<meta name=\"twitter:label1\" content=\"Tiempo de lectura\" \/>\n\t<meta name=\"twitter:data1\" content=\"2 minutos\" \/>\n<script type=\"application\/ld+json\" class=\"yoast-schema-graph\">{\"@context\":\"https:\\\/\\\/schema.org\",\"@graph\":[{\"@type\":\"WebPage\",\"@id\":\"https:\\\/\\\/asociacionafectadosgrupoherrerobrigantina.es\\\/index.php\\\/proyecto\\\/\",\"url\":\"https:\\\/\\\/asociacionafectadosgrupoherrerobrigantina.es\\\/\",\"name\":\"Proyecto -\",\"isPartOf\":{\"@id\":\"https:\\\/\\\/asociacionafectadosgrupoherrerobrigantina.es\\\/#website\"},\"primaryImageOfPage\":{\"@id\":\"https:\\\/\\\/asociacionafectadosgrupoherrerobrigantina.es\\\/#primaryimage\"},\"image\":{\"@id\":\"https:\\\/\\\/asociacionafectadosgrupoherrerobrigantina.es\\\/#primaryimage\"},\"thumbnailUrl\":\"https:\\\/\\\/asociacionafectadosgrupoherrerobrigantina.es\\\/wp-content\\\/uploads\\\/2023\\\/06\\\/bodegon-balanza-justicia-scaled-1-683x1024.jpg\",\"datePublished\":\"2023-06-06T10:52:13+00:00\",\"dateModified\":\"2023-06-06T15:32:40+00:00\",\"breadcrumb\":{\"@id\":\"https:\\\/\\\/asociacionafectadosgrupoherrerobrigantina.es\\\/#breadcrumb\"},\"inLanguage\":\"es\",\"potentialAction\":[{\"@type\":\"ReadAction\",\"target\":[\"https:\\\/\\\/asociacionafectadosgrupoherrerobrigantina.es\\\/\"]}]},{\"@type\":\"ImageObject\",\"inLanguage\":\"es\",\"@id\":\"https:\\\/\\\/asociacionafectadosgrupoherrerobrigantina.es\\\/#primaryimage\",\"url\":\"https:\\\/\\\/asociacionafectadosgrupoherrerobrigantina.es\\\/wp-content\\\/uploads\\\/2023\\\/06\\\/bodegon-balanza-justicia-scaled-1.jpg\",\"contentUrl\":\"https:\\\/\\\/asociacionafectadosgrupoherrerobrigantina.es\\\/wp-content\\\/uploads\\\/2023\\\/06\\\/bodegon-balanza-justicia-scaled-1.jpg\",\"width\":1707,\"height\":2560},{\"@type\":\"BreadcrumbList\",\"@id\":\"https:\\\/\\\/asociacionafectadosgrupoherrerobrigantina.es\\\/#breadcrumb\",\"itemListElement\":[{\"@type\":\"ListItem\",\"position\":1,\"name\":\"Portada\",\"item\":\"https:\\\/\\\/asociacionafectadosgrupoherrerobrigantina.es\\\/\"},{\"@type\":\"ListItem\",\"position\":2,\"name\":\"Proyecto\"}]},{\"@type\":\"WebSite\",\"@id\":\"https:\\\/\\\/asociacionafectadosgrupoherrerobrigantina.es\\\/#website\",\"url\":\"https:\\\/\\\/asociacionafectadosgrupoherrerobrigantina.es\\\/\",\"name\":\"\",\"description\":\"\",\"potentialAction\":[{\"@type\":\"SearchAction\",\"target\":{\"@type\":\"EntryPoint\",\"urlTemplate\":\"https:\\\/\\\/asociacionafectadosgrupoherrerobrigantina.es\\\/?s={search_term_string}\"},\"query-input\":{\"@type\":\"PropertyValueSpecification\",\"valueRequired\":true,\"valueName\":\"search_term_string\"}}],\"inLanguage\":\"es\"}]}<\/script>\n<!-- \/ Yoast SEO plugin. -->","yoast_head_json":{"title":"Proyecto -","robots":{"index":"index","follow":"follow","max-snippet":"max-snippet:-1","max-image-preview":"max-image-preview:large","max-video-preview":"max-video-preview:-1"},"canonical":"https:\/\/asociacionafectadosgrupoherrerobrigantina.es\/","og_locale":"es_ES","og_type":"article","og_title":"Proyecto -","og_description":"PROYECTO Nuestro objetivo es unir a todos los afectados que han sido perjudicados por un delito de estafa en inversiones&nbsp; relacionadas con el grupo de empresas Herrero Brigantina y para ello utilizaremos informes de peritos economistas para desentra\u00f1ar la madeja de sociedades sobre las que se ha tejido todo este presunto fraude que sin duda [&hellip;]","og_url":"https:\/\/asociacionafectadosgrupoherrerobrigantina.es\/","article_modified_time":"2023-06-06T15:32:40+00:00","og_image":[{"url":"https:\/\/asociacionafectadosgrupoherrerobrigantina.es\/wp-content\/uploads\/2023\/06\/bodegon-balanza-justicia-scaled-1-683x1024.jpg","type":"","width":"","height":""}],"twitter_card":"summary_large_image","twitter_misc":{"Tiempo de lectura":"2 minutos"},"schema":{"@context":"https:\/\/schema.org","@graph":[{"@type":"WebPage","@id":"https:\/\/asociacionafectadosgrupoherrerobrigantina.es\/index.php\/proyecto\/","url":"https:\/\/asociacionafectadosgrupoherrerobrigantina.es\/","name":"Proyecto -","isPartOf":{"@id":"https:\/\/asociacionafectadosgrupoherrerobrigantina.es\/#website"},"primaryImageOfPage":{"@id":"https:\/\/asociacionafectadosgrupoherrerobrigantina.es\/#primaryimage"},"image":{"@id":"https:\/\/asociacionafectadosgrupoherrerobrigantina.es\/#primaryimage"},"thumbnailUrl":"https:\/\/asociacionafectadosgrupoherrerobrigantina.es\/wp-content\/uploads\/2023\/06\/bodegon-balanza-justicia-scaled-1-683x1024.jpg","datePublished":"2023-06-06T10:52:13+00:00","dateModified":"2023-06-06T15:32:40+00:00","breadcrumb":{"@id":"https:\/\/asociacionafectadosgrupoherrerobrigantina.es\/#breadcrumb"},"inLanguage":"es","potentialAction":[{"@type":"ReadAction","target":["https:\/\/asociacionafectadosgrupoherrerobrigantina.es\/"]}]},{"@type":"ImageObject","inLanguage":"es","@id":"https:\/\/asociacionafectadosgrupoherrerobrigantina.es\/#primaryimage","url":"https:\/\/asociacionafectadosgrupoherrerobrigantina.es\/wp-content\/uploads\/2023\/06\/bodegon-balanza-justicia-scaled-1.jpg","contentUrl":"https:\/\/asociacionafectadosgrupoherrerobrigantina.es\/wp-content\/uploads\/2023\/06\/bodegon-balanza-justicia-scaled-1.jpg","width":1707,"height":2560},{"@type":"BreadcrumbList","@id":"https:\/\/asociacionafectadosgrupoherrerobrigantina.es\/#breadcrumb","itemListElement":[{"@type":"ListItem","position":1,"name":"Portada","item":"https:\/\/asociacionafectadosgrupoherrerobrigantina.es\/"},{"@type":"ListItem","position":2,"name":"Proyecto"}]},{"@type":"WebSite","@id":"https:\/\/asociacionafectadosgrupoherrerobrigantina.es\/#website","url":"https:\/\/asociacionafectadosgrupoherrerobrigantina.es\/","name":"","description":"","potentialAction":[{"@type":"SearchAction","target":{"@type":"EntryPoint","urlTemplate":"https:\/\/asociacionafectadosgrupoherrerobrigantina.es\/?s={search_term_string}"},"query-input":{"@type":"PropertyValueSpecification","valueRequired":true,"valueName":"search_term_string"}}],"inLanguage":"es"}]}},"jetpack_sharing_enabled":true,"_links":{"self":[{"href":"https:\/\/asociacionafectadosgrupoherrerobrigantina.es\/index.php\/wp-json\/wp\/v2\/pages\/129","targetHints":{"allow":["GET"]}}],"collection":[{"href":"https:\/\/asociacionafectadosgrupoherrerobrigantina.es\/index.php\/wp-json\/wp\/v2\/pages"}],"about":[{"href":"https:\/\/asociacionafectadosgrupoherrerobrigantina.es\/index.php\/wp-json\/wp\/v2\/types\/page"}],"author":[{"embeddable":true,"href":"https:\/\/asociacionafectadosgrupoherrerobrigantina.es\/index.php\/wp-json\/wp\/v2\/users\/1"}],"replies":[{"embeddable":true,"href":"https:\/\/asociacionafectadosgrupoherrerobrigantina.es\/index.php\/wp-json\/wp\/v2\/comments?post=129"}],"version-history":[{"count":17,"href":"https:\/\/asociacionafectadosgrupoherrerobrigantina.es\/index.php\/wp-json\/wp\/v2\/pages\/129\/revisions"}],"predecessor-version":[{"id":295,"href":"https:\/\/asociacionafectadosgrupoherrerobrigantina.es\/index.php\/wp-json\/wp\/v2\/pages\/129\/revisions\/295"}],"wp:attachment":[{"href":"https:\/\/asociacionafectadosgrupoherrerobrigantina.es\/index.php\/wp-json\/wp\/v2\/media?parent=129"}],"curies":[{"name":"wp","href":"https:\/\/api.w.org\/{rel}","templated":true}]}}