{"id":654,"date":"2023-08-25T11:09:20","date_gmt":"2023-08-25T11:09:20","guid":{"rendered":"https:\/\/asociacionafectadosgrupoherrerobrigantina.es\/?page_id=654"},"modified":"2023-08-25T13:33:17","modified_gmt":"2023-08-25T13:33:17","slug":"conoce-el-decalogo-del-abogado","status":"publish","type":"page","link":"https:\/\/asociacionafectadosgrupoherrerobrigantina.es\/index.php\/conoce-el-decalogo-del-abogado\/","title":{"rendered":""},"content":{"rendered":"\t\t<div data-elementor-type=\"wp-page\" data-elementor-id=\"654\" class=\"elementor elementor-654\" data-elementor-post-type=\"page\">\n\t\t\t\t\t\t<section class=\"elementor-section elementor-top-section elementor-element elementor-element-5a9e0217 elementor-section-height-min-height elementor-section-items-top elementor-section-full_width elementor-section-height-default\" data-id=\"5a9e0217\" data-element_type=\"section\" data-e-type=\"section\" data-settings=\"{&quot;background_background&quot;:&quot;classic&quot;}\">\n\t\t\t\t\t\t\t<div class=\"elementor-background-overlay\"><\/div>\n\t\t\t\t\t\t\t<div class=\"elementor-container elementor-column-gap-default\">\n\t\t\t\t\t<div class=\"elementor-column elementor-col-100 elementor-top-column elementor-element elementor-element-7e25619a\" data-id=\"7e25619a\" data-element_type=\"column\" data-e-type=\"column\" data-settings=\"{&quot;background_background&quot;:&quot;classic&quot;}\">\n\t\t\t<div class=\"elementor-widget-wrap elementor-element-populated\">\n\t\t\t\t\t\t<div class=\"elementor-element elementor-element-34442199 elementor-widget elementor-widget-heading\" data-id=\"34442199\" data-element_type=\"widget\" data-e-type=\"widget\" data-widget_type=\"heading.default\">\n\t\t\t\t<div class=\"elementor-widget-container\">\n\t\t\t\t\t<h1 class=\"elementor-heading-title elementor-size-default\"><font style=\"vertical-align: inherit\"><font style=\"vertical-align: inherit\"><font style=\"vertical-align: inherit\"><font style=\"vertical-align: inherit\">CONOCE EL DEC\u00c1LOGO DEL ABOGADO<\/font><\/font><\/font><\/font><\/h1>\t\t\t\t<\/div>\n\t\t\t\t<\/div>\n\t\t\t\t\t<\/div>\n\t\t<\/div>\n\t\t\t\t\t<\/div>\n\t\t<\/section>\n\t\t\t\t<section class=\"elementor-section elementor-top-section elementor-element elementor-element-5de351a5 elementor-section-full_width elementor-section-height-default elementor-section-height-default\" data-id=\"5de351a5\" data-element_type=\"section\" data-e-type=\"section\">\n\t\t\t\t\t\t<div class=\"elementor-container elementor-column-gap-default\">\n\t\t\t\t\t<div class=\"elementor-column elementor-col-100 elementor-top-column elementor-element elementor-element-3d4af4d2\" data-id=\"3d4af4d2\" data-element_type=\"column\" data-e-type=\"column\">\n\t\t\t<div class=\"elementor-widget-wrap elementor-element-populated\">\n\t\t\t\t\t\t<div class=\"elementor-element elementor-element-dbc9be elementor-widget elementor-widget-heading\" data-id=\"dbc9be\" data-element_type=\"widget\" data-e-type=\"widget\" data-widget_type=\"heading.default\">\n\t\t\t\t<div class=\"elementor-widget-container\">\n\t\t\t\t\t<h2 class=\"elementor-heading-title elementor-size-default\">Un abogado junior que empieza la profesi\u00f3n de abogado debe conocer los principios que debe seguir en su labor profesional<\/h2>\t\t\t\t<\/div>\n\t\t\t\t<\/div>\n\t\t\t\t\t<\/div>\n\t\t<\/div>\n\t\t\t\t\t<\/div>\n\t\t<\/section>\n\t\t\t\t<section class=\"elementor-section elementor-top-section elementor-element elementor-element-7ff773b elementor-section-boxed elementor-section-height-default elementor-section-height-default\" data-id=\"7ff773b\" data-element_type=\"section\" data-e-type=\"section\">\n\t\t\t\t\t\t<div class=\"elementor-container elementor-column-gap-default\">\n\t\t\t\t\t<div class=\"elementor-column elementor-col-100 elementor-top-column elementor-element elementor-element-755f28d\" data-id=\"755f28d\" data-element_type=\"column\" data-e-type=\"column\">\n\t\t\t<div class=\"elementor-widget-wrap elementor-element-populated\">\n\t\t\t\t\t\t<div class=\"elementor-element elementor-element-706b4f2 elementor-widget elementor-widget-heading\" data-id=\"706b4f2\" data-element_type=\"widget\" data-e-type=\"widget\" data-widget_type=\"heading.default\">\n\t\t\t\t<div class=\"elementor-widget-container\">\n\t\t\t\t\t<h3 class=\"elementor-heading-title elementor-size-default\">Los clientes de un Abogado tienen que tener la absoluta certeza de que su problema se est\u00e1 tratando como si el problema fuera del propio Abogado. Para ello el Abogado en el ejercicio de su profesi\u00f3n debe actuar cada d\u00eda observando y cumpliendo el dec\u00e1logo del Abogado.  Conocerlo es fundamental y ser\u00e1 la hoja de estilo y presentaci\u00f3n del Abogado con sus clientes.\n\n<b>\u00bfCu\u00e1l es el dec\u00e1logo del Abogado?<\/b>\n\n<b>1\u00ba.- ESTUDIAR<\/b>. El derecho es una ciencia din\u00e1mica que se transforma cada d\u00eda. Es necesario estar actualizado con las novedades legislativas. \n\n<b>2\u00ba.- PENSAR<\/b>. La paciencia es una virtud del buen Abogado. No se trata de hacer las cosas r\u00e1pidamente, sino de hacer las cosas reflexivamente para tener la convicci\u00f3n de que cuando presentamos una demanda hemos revisado y verificado todos los puntos para el \u00e9xito en una sentencia futura. El derecho se aprende estudiando, pero se ejerce pensando.\n\n<b>3\u00ba.- TRABAJAR.<\/b> La profesi\u00f3n de Abogado es tan apasionante como sacrificada por su necesario estudio y dedicaci\u00f3n, pero sin olvidar que todo buen trabajo tiene su recompensa. Nuestro trabajo est\u00e1 al servicio de la justicia.\n\n<b>4\u00ba.- LUCHAR.<\/b> Nuestro deber es luchar por el cumplimiento de la Ley y la defensa de los derechos constitucionales para con los ciudadanos y las empresas. Nuestro fin \u00faltimo es defender el sentido de Justicia.\n\n<b>5\u00ba.- SER LEALES.<\/b> La Lealtad es uno de los emblemas del Abogado. Con tu Cliente, al que debes acompa\u00f1ar hasta el final del procedimiento. Con el adversario, aun cuando \u00e9l sea desleal contigo. Leal tambi\u00e9n con el Juez, que desconoce los hechos y debe confiar en lo que t\u00fa le dices; y que, en cuanto al Derecho, alguna que otra vez, debe confiar en el que t\u00fa le invocas.\n\n<b>6\u00ba.- RESPETAR.<\/b> Respeta la verdad ajena en la misma medida en que quieres que sea respetada la tuya.\n\n<b>7\u00ba.- TENER PACIENCIA.<\/b> Seg\u00fan la Biblia hasta Dios tard\u00f3 7 d\u00edas en crear el Universo. El tiempo se venga de las cosas que se hacen sin su colaboraci\u00f3n. Por eso s\u00e9 paciente. Las cosas bien hechas llevan su tiempo igual que los buenos guisos.\n\n<b>8\u00ba.- TENER FE<\/b>. Tener fe en el Derecho como la mejor creaci\u00f3n para la convivencia humana; en la justicia, como destino normal del Derecho; en la paz, como substitutivo bondadoso de la justicia; y sobre todo tener fe en la libertad, sin la cual no hay Derecho, ni justicia, ni paz.\n\n<b>9\u00ba.- OLVIDAR.<\/b> La profesi\u00f3n de la abogac\u00eda es una lucha de pasiones. Si en cada batalla fueras cargando tu alma de rencor, llegar\u00e1 un d\u00eda en que la vida ser\u00e1 imposible para ti. No vivas en el resentimiento. Concluido el combate, olvida tan pronto tu victoria como tu derrota. \n\n<b>10\u00ba.- AMAR TU PROFESI\u00d3N<\/b>. Ama la belleza de lo que haces. Consid\u00e9rate un privilegiado de defender a las personas y las empresas de la injusticia defendiendo sus derechos. Considera un honor la labor que desarrollas.\n\n<b>Si eres Abogado junior y quieres trabajar en el despacho de abogados, Env\u00edanos tu CV  a nuestro correo electr\u00f3nico,<\/b> te ense\u00f1aremos a ser un verdadero Abogado.<\/h3>\t\t\t\t<\/div>\n\t\t\t\t<\/div>\n\t\t\t\t\t<\/div>\n\t\t<\/div>\n\t\t\t\t\t<\/div>\n\t\t<\/section>\n\t\t\t\t<section class=\"elementor-section elementor-top-section elementor-element elementor-element-4af15f4f elementor-section-boxed elementor-section-height-default elementor-section-height-default\" data-id=\"4af15f4f\" data-element_type=\"section\" data-e-type=\"section\">\n\t\t\t\t\t\t<div class=\"elementor-container elementor-column-gap-default\">\n\t\t\t\t\t<div class=\"elementor-column elementor-col-100 elementor-top-column elementor-element elementor-element-2996d9c2\" data-id=\"2996d9c2\" data-element_type=\"column\" data-e-type=\"column\">\n\t\t\t<div class=\"elementor-widget-wrap elementor-element-populated\">\n\t\t\t\t\t\t<section class=\"elementor-section elementor-inner-section elementor-element elementor-element-63193859 elementor-section-full_width elementor-section-height-default elementor-section-height-default\" data-id=\"63193859\" data-element_type=\"section\" data-e-type=\"section\">\n\t\t\t\t\t\t<div class=\"elementor-container elementor-column-gap-default\">\n\t\t\t\t\t<div class=\"elementor-column elementor-col-33 elementor-inner-column elementor-element elementor-element-20e2ab08\" data-id=\"20e2ab08\" data-element_type=\"column\" data-e-type=\"column\">\n\t\t\t<div class=\"elementor-widget-wrap elementor-element-populated\">\n\t\t\t\t\t\t<div class=\"elementor-element elementor-element-abaee6b elementor-flip-box--3d elementor-flip-box--effect-flip elementor-flip-box--direction-up elementor-widget elementor-widget-flip-box\" data-id=\"abaee6b\" data-element_type=\"widget\" data-e-type=\"widget\" data-widget_type=\"flip-box.default\">\n\t\t\t\t<div class=\"elementor-widget-container\">\n\t\t\t\t\t\t\t<div class=\"elementor-flip-box\" tabindex=\"0\">\n\t\t\t<div class=\"elementor-flip-box__layer elementor-flip-box__front\">\n\t\t\t\t<div class=\"elementor-flip-box__layer__overlay\">\n\t\t\t\t\t<div class=\"elementor-flip-box__layer__inner\">\n\t\t\t\t\t\t\t\t\t\t\t\t\t<div class=\"elementor-icon-wrapper elementor-view-default\">\n\t\t\t\t\t\t\t\t<div class=\"elementor-icon\">\n\t\t\t\t\t\t\t\t\t<svg class=\"e-font-icon-svg e-fas-star\" viewBox=\"0 0 576 512\" xmlns=\"http:\/\/www.w3.org\/2000\/svg\"><path d=\"M259.3 17.8L194 150.2 47.9 171.5c-26.2 3.8-36.7 36.1-17.7 54.6l105.7 103-25 145.5c-4.5 26.3 23.2 46 46.4 33.7L288 439.6l130.7 68.7c23.2 12.2 50.9-7.4 46.4-33.7l-25-145.5 105.7-103c19-18.5 8.5-50.8-17.7-54.6L382 150.2 316.7 17.8c-11.7-23.6-45.6-23.9-57.4 0z\"><\/path><\/svg>\t\t\t\t\t\t\t\t<\/div>\n\t\t\t\t\t\t\t<\/div>\n\t\t\t\t\t\t\n\t\t\t\t\t\t\t\t\t\t\t\t\t<h3 class=\"elementor-flip-box__layer__title\">\n\t\t\t\t\t\t\t\tEQUIPO\t\t\t\t\t\t\t<\/h3>\n\t\t\t\t\t\t\n\t\t\t\t\t\t\t\t\t\t\t\t\t<div class=\"elementor-flip-box__layer__description\">\n\t\t\t\t\t\t\t\tNos dedicamos a lo m\u00e1s importante, la satisfacci\u00f3n de personas como t\u00fa\t\t\t\t\t\t\t<\/div>\n\t\t\t\t\t\t\t\t\t\t\t<\/div>\n\t\t\t\t<\/div>\n\t\t\t<\/div>\n\t\t\t<div class=\"elementor-flip-box__layer elementor-flip-box__back\">\n\t\t\t<div class=\"elementor-flip-box__layer__overlay\">\n\t\t\t\t<div class=\"elementor-flip-box__layer__inner\">\n\t\t\t\t\t\t\t\t\t\t\t<h3 class=\"elementor-flip-box__layer__title\">\n\t\t\t\t\t\t\tNuestro Compromiso\t\t\t\t\t\t<\/h3>\n\t\t\t\t\t\n\t\t\t\t\t\t\t\t\t\t\t<div class=\"elementor-flip-box__layer__description\">\n\t\t\t\t\t\t\tTu satisfacci\u00f3n.\t\t\t\t\t\t<\/div>\n\t\t\t\t\t\n\t\t\t\t\t\t\t\t\t\t\t<a class=\"elementor-flip-box__button elementor-button elementor-size-sm\" href=\"#suscribirse\">\n\t\t\t\t\t\t\tRegistrarse\t\t\t\t\t\t<\/a>\n\t\t\t\t\t\t\t\t<\/div>\n\t\t<\/div>\n\t\t<\/div>\n\t\t<\/div>\n\t\t\t\t\t\t<\/div>\n\t\t\t\t<\/div>\n\t\t\t\t\t<\/div>\n\t\t<\/div>\n\t\t\t\t<div class=\"elementor-column elementor-col-33 elementor-inner-column elementor-element elementor-element-69e85dbd\" data-id=\"69e85dbd\" data-element_type=\"column\" data-e-type=\"column\">\n\t\t\t<div class=\"elementor-widget-wrap elementor-element-populated\">\n\t\t\t\t\t\t<div class=\"elementor-element elementor-element-11eb6bc6 elementor-flip-box--3d elementor-flip-box--effect-flip elementor-flip-box--direction-up elementor-widget elementor-widget-flip-box\" data-id=\"11eb6bc6\" data-element_type=\"widget\" data-e-type=\"widget\" data-widget_type=\"flip-box.default\">\n\t\t\t\t<div class=\"elementor-widget-container\">\n\t\t\t\t\t\t\t<div class=\"elementor-flip-box\" tabindex=\"0\">\n\t\t\t<div class=\"elementor-flip-box__layer elementor-flip-box__front\">\n\t\t\t\t<div class=\"elementor-flip-box__layer__overlay\">\n\t\t\t\t\t<div class=\"elementor-flip-box__layer__inner\">\n\t\t\t\t\t\t\t\t\t\t\t\t\t<div class=\"elementor-icon-wrapper elementor-view-default\">\n\t\t\t\t\t\t\t\t<div class=\"elementor-icon\">\n\t\t\t\t\t\t\t\t\t<svg class=\"e-font-icon-svg e-fas-star\" viewBox=\"0 0 576 512\" xmlns=\"http:\/\/www.w3.org\/2000\/svg\"><path d=\"M259.3 17.8L194 150.2 47.9 171.5c-26.2 3.8-36.7 36.1-17.7 54.6l105.7 103-25 145.5c-4.5 26.3 23.2 46 46.4 33.7L288 439.6l130.7 68.7c23.2 12.2 50.9-7.4 46.4-33.7l-25-145.5 105.7-103c19-18.5 8.5-50.8-17.7-54.6L382 150.2 316.7 17.8c-11.7-23.6-45.6-23.9-57.4 0z\"><\/path><\/svg>\t\t\t\t\t\t\t\t<\/div>\n\t\t\t\t\t\t\t<\/div>\n\t\t\t\t\t\t\n\t\t\t\t\t\t\t\t\t\t\t\t\t<h3 class=\"elementor-flip-box__layer__title\">\n\t\t\t\t\t\t\t\t24 \/ 7\t\t\t\t\t\t\t<\/h3>\n\t\t\t\t\t\t\n\t\t\t\t\t\t\t\t\t\t\t\t\t<div class=\"elementor-flip-box__layer__description\">\n\t\t\t\t\t\t\t\tEstamos a tu disposici\u00f3n las 24 horas, los siete d\u00edas a la semana \t\t\t\t\t\t\t<\/div>\n\t\t\t\t\t\t\t\t\t\t\t<\/div>\n\t\t\t\t<\/div>\n\t\t\t<\/div>\n\t\t\t<div class=\"elementor-flip-box__layer elementor-flip-box__back\">\n\t\t\t<div class=\"elementor-flip-box__layer__overlay\">\n\t\t\t\t<div class=\"elementor-flip-box__layer__inner\">\n\t\t\t\t\t\t\t\t\t\t\t<h3 class=\"elementor-flip-box__layer__title\">\n\t\t\t\t\t\t\tTu Satisfacci\u00f3n\t\t\t\t\t\t<\/h3>\n\t\t\t\t\t\n\t\t\t\t\t\t\t\t\t\t\t<div class=\"elementor-flip-box__layer__description\">\n\t\t\t\t\t\t\tGarant\u00eda de nuestro compromiso.\t\t\t\t\t\t<\/div>\n\t\t\t\t\t\n\t\t\t\t\t\t\t\t\t\t\t<a class=\"elementor-flip-box__button elementor-button elementor-size-sm\" href=\"#suscribirse\">\n\t\t\t\t\t\t\tRegistrarse\t\t\t\t\t\t<\/a>\n\t\t\t\t\t\t\t\t<\/div>\n\t\t<\/div>\n\t\t<\/div>\n\t\t<\/div>\n\t\t\t\t\t\t<\/div>\n\t\t\t\t<\/div>\n\t\t\t\t\t<\/div>\n\t\t<\/div>\n\t\t\t\t<div class=\"elementor-column elementor-col-33 elementor-inner-column elementor-element elementor-element-58f81398\" data-id=\"58f81398\" data-element_type=\"column\" data-e-type=\"column\">\n\t\t\t<div class=\"elementor-widget-wrap elementor-element-populated\">\n\t\t\t\t\t\t<div class=\"elementor-element elementor-element-4e913ac0 elementor-flip-box--3d elementor-flip-box--effect-flip elementor-flip-box--direction-up elementor-widget elementor-widget-flip-box\" data-id=\"4e913ac0\" data-element_type=\"widget\" data-e-type=\"widget\" data-widget_type=\"flip-box.default\">\n\t\t\t\t<div class=\"elementor-widget-container\">\n\t\t\t\t\t\t\t<div class=\"elementor-flip-box\" tabindex=\"0\">\n\t\t\t<div class=\"elementor-flip-box__layer elementor-flip-box__front\">\n\t\t\t\t<div class=\"elementor-flip-box__layer__overlay\">\n\t\t\t\t\t<div class=\"elementor-flip-box__layer__inner\">\n\t\t\t\t\t\t\t\t\t\t\t\t\t<div class=\"elementor-icon-wrapper elementor-view-default\">\n\t\t\t\t\t\t\t\t<div class=\"elementor-icon\">\n\t\t\t\t\t\t\t\t\t<svg class=\"e-font-icon-svg e-fas-star\" viewBox=\"0 0 576 512\" xmlns=\"http:\/\/www.w3.org\/2000\/svg\"><path d=\"M259.3 17.8L194 150.2 47.9 171.5c-26.2 3.8-36.7 36.1-17.7 54.6l105.7 103-25 145.5c-4.5 26.3 23.2 46 46.4 33.7L288 439.6l130.7 68.7c23.2 12.2 50.9-7.4 46.4-33.7l-25-145.5 105.7-103c19-18.5 8.5-50.8-17.7-54.6L382 150.2 316.7 17.8c-11.7-23.6-45.6-23.9-57.4 0z\"><\/path><\/svg>\t\t\t\t\t\t\t\t<\/div>\n\t\t\t\t\t\t\t<\/div>\n\t\t\t\t\t\t\n\t\t\t\t\t\t\t\t\t\t\t\t\t<h3 class=\"elementor-flip-box__layer__title\">\n\t\t\t\t\t\t\t\tEXCLUSIVO\t\t\t\t\t\t\t<\/h3>\n\t\t\t\t\t\t\n\t\t\t\t\t\t\t\t\t\t\t\t\t<div class=\"elementor-flip-box__layer__description\">\n\t\t\t\t\t\t\t\tTodo lo que hacemos es exclusivo como t\u00fa y nos esforzamos cada d\u00eda para mejorar.\t\t\t\t\t\t\t<\/div>\n\t\t\t\t\t\t\t\t\t\t\t<\/div>\n\t\t\t\t<\/div>\n\t\t\t<\/div>\n\t\t\t<div class=\"elementor-flip-box__layer elementor-flip-box__back\">\n\t\t\t<div class=\"elementor-flip-box__layer__overlay\">\n\t\t\t\t<div class=\"elementor-flip-box__layer__inner\">\n\t\t\t\t\t\t\t\t\t\t\t<h3 class=\"elementor-flip-box__layer__title\">\n\t\t\t\t\t\t\tSabemos lo que quieres\t\t\t\t\t\t<\/h3>\n\t\t\t\t\t\n\t\t\t\t\t\t\t\t\t\t\t<div class=\"elementor-flip-box__layer__description\">\n\t\t\t\t\t\t\tNosotros nos encargamos de buscarte soluciones y obtener resultados.\t\t\t\t\t\t<\/div>\n\t\t\t\t\t\n\t\t\t\t\t\t\t\t\t\t\t<a class=\"elementor-flip-box__button elementor-button elementor-size-sm\" href=\"#suscribirse\">\n\t\t\t\t\t\t\tRegistrarse\t\t\t\t\t\t<\/a>\n\t\t\t\t\t\t\t\t<\/div>\n\t\t<\/div>\n\t\t<\/div>\n\t\t<\/div>\n\t\t\t\t\t\t<\/div>\n\t\t\t\t<\/div>\n\t\t\t\t\t<\/div>\n\t\t<\/div>\n\t\t\t\t\t<\/div>\n\t\t<\/section>\n\t\t\t\t\t<\/div>\n\t\t<\/div>\n\t\t\t\t\t<\/div>\n\t\t<\/section>\n\t\t\t\t<\/div>\n\t\t","protected":false},"excerpt":{"rendered":"<p>CONOCE EL DEC\u00c1LOGO DEL ABOGADO Un abogado junior que empieza la profesi\u00f3n de abogado debe conocer los principios que debe seguir en su labor profesional Los clientes de un Abogado tienen que tener la absoluta certeza de que su problema se est\u00e1 tratando como si el problema fuera del propio Abogado. Para ello el Abogado [&hellip;]<\/p>\n","protected":false},"author":1,"featured_media":0,"parent":0,"menu_order":0,"comment_status":"closed","ping_status":"closed","template":"","meta":{"_uf_show_specific_survey":0,"_uf_disable_surveys":false,"site-sidebar-layout":"no-sidebar","site-content-layout":"page-builder","ast-site-content-layout":"default","site-content-style":"default","site-sidebar-style":"default","ast-global-header-display":"","ast-banner-title-visibility":"","ast-main-header-display":"","ast-hfb-above-header-display":"","ast-hfb-below-header-display":"","ast-hfb-mobile-header-display":"","site-post-title":"disabled","ast-breadcrumbs-content":"","ast-featured-img":"disabled","footer-sml-layout":"","ast-disable-related-posts":"","theme-transparent-header-meta":"","adv-header-id-meta":"","stick-header-meta":"","header-above-stick-meta":"","header-main-stick-meta":"","header-below-stick-meta":"","astra-migrate-meta-layouts":"default","ast-page-background-enabled":"default","ast-page-background-meta":{"desktop":{"background-color":"var(--ast-global-color-4)","background-image":"","background-repeat":"repeat","background-position":"center center","background-size":"auto","background-attachment":"scroll","background-type":"","background-media":"","overlay-type":"","overlay-color":"","overlay-opacity":"","overlay-gradient":""},"tablet":{"background-color":"","background-image":"","background-repeat":"repeat","background-position":"center center","background-size":"auto","background-attachment":"scroll","background-type":"","background-media":"","overlay-type":"","overlay-color":"","overlay-opacity":"","overlay-gradient":""},"mobile":{"background-color":"","background-image":"","background-repeat":"repeat","background-position":"center center","background-size":"auto","background-attachment":"scroll","background-type":"","background-media":"","overlay-type":"","overlay-color":"","overlay-opacity":"","overlay-gradient":""}},"ast-content-background-meta":{"desktop":{"background-color":"var(--ast-global-color-5)","background-image":"","background-repeat":"repeat","background-position":"center center","background-size":"auto","background-attachment":"scroll","background-type":"","background-media":"","overlay-type":"","overlay-color":"","overlay-opacity":"","overlay-gradient":""},"tablet":{"background-color":"var(--ast-global-color-5)","background-image":"","background-repeat":"repeat","background-position":"center center","background-size":"auto","background-attachment":"scroll","background-type":"","background-media":"","overlay-type":"","overlay-color":"","overlay-opacity":"","overlay-gradient":""},"mobile":{"background-color":"var(--ast-global-color-5)","background-image":"","background-repeat":"repeat","background-position":"center center","background-size":"auto","background-attachment":"scroll","background-type":"","background-media":"","overlay-type":"","overlay-color":"","overlay-opacity":"","overlay-gradient":""}},"footnotes":""},"class_list":["post-654","page","type-page","status-publish","hentry"],"yoast_head":"<!-- This site is optimized with the Yoast SEO plugin v27.5 - https:\/\/yoast.com\/product\/yoast-seo-wordpress\/ -->\n<title>-<\/title>\n<meta name=\"robots\" content=\"index, follow, max-snippet:-1, max-image-preview:large, max-video-preview:-1\" \/>\n<link rel=\"canonical\" href=\"https:\/\/asociacionafectadosgrupoherrerobrigantina.es\/index.php\/conoce-el-decalogo-del-abogado\/\" \/>\n<meta property=\"og:locale\" content=\"es_ES\" \/>\n<meta property=\"og:type\" content=\"article\" \/>\n<meta property=\"og:title\" content=\"-\" \/>\n<meta property=\"og:description\" content=\"CONOCE EL DEC\u00c1LOGO DEL ABOGADO Un abogado junior que empieza la profesi\u00f3n de abogado debe conocer los principios que debe seguir en su labor profesional Los clientes de un Abogado tienen que tener la absoluta certeza de que su problema se est\u00e1 tratando como si el problema fuera del propio Abogado. Para ello el Abogado [&hellip;]\" \/>\n<meta property=\"og:url\" content=\"https:\/\/asociacionafectadosgrupoherrerobrigantina.es\/index.php\/conoce-el-decalogo-del-abogado\/\" \/>\n<meta property=\"article:modified_time\" content=\"2023-08-25T13:33:17+00:00\" \/>\n<meta name=\"twitter:card\" content=\"summary_large_image\" \/>\n<meta name=\"twitter:label1\" content=\"Tiempo de lectura\" \/>\n\t<meta name=\"twitter:data1\" content=\"3 minutos\" \/>\n<script type=\"application\/ld+json\" class=\"yoast-schema-graph\">{\"@context\":\"https:\\\/\\\/schema.org\",\"@graph\":[{\"@type\":\"WebPage\",\"@id\":\"https:\\\/\\\/asociacionafectadosgrupoherrerobrigantina.es\\\/index.php\\\/conoce-el-decalogo-del-abogado\\\/\",\"url\":\"https:\\\/\\\/asociacionafectadosgrupoherrerobrigantina.es\\\/index.php\\\/conoce-el-decalogo-del-abogado\\\/\",\"name\":\"-\",\"isPartOf\":{\"@id\":\"https:\\\/\\\/asociacionafectadosgrupoherrerobrigantina.es\\\/#website\"},\"datePublished\":\"2023-08-25T11:09:20+00:00\",\"dateModified\":\"2023-08-25T13:33:17+00:00\",\"inLanguage\":\"es\",\"potentialAction\":[{\"@type\":\"ReadAction\",\"target\":[\"https:\\\/\\\/asociacionafectadosgrupoherrerobrigantina.es\\\/index.php\\\/conoce-el-decalogo-del-abogado\\\/\"]}]},{\"@type\":\"WebSite\",\"@id\":\"https:\\\/\\\/asociacionafectadosgrupoherrerobrigantina.es\\\/#website\",\"url\":\"https:\\\/\\\/asociacionafectadosgrupoherrerobrigantina.es\\\/\",\"name\":\"\",\"description\":\"\",\"potentialAction\":[{\"@type\":\"SearchAction\",\"target\":{\"@type\":\"EntryPoint\",\"urlTemplate\":\"https:\\\/\\\/asociacionafectadosgrupoherrerobrigantina.es\\\/?s={search_term_string}\"},\"query-input\":{\"@type\":\"PropertyValueSpecification\",\"valueRequired\":true,\"valueName\":\"search_term_string\"}}],\"inLanguage\":\"es\"}]}<\/script>\n<!-- \/ Yoast SEO plugin. -->","yoast_head_json":{"title":"-","robots":{"index":"index","follow":"follow","max-snippet":"max-snippet:-1","max-image-preview":"max-image-preview:large","max-video-preview":"max-video-preview:-1"},"canonical":"https:\/\/asociacionafectadosgrupoherrerobrigantina.es\/index.php\/conoce-el-decalogo-del-abogado\/","og_locale":"es_ES","og_type":"article","og_title":"-","og_description":"CONOCE EL DEC\u00c1LOGO DEL ABOGADO Un abogado junior que empieza la profesi\u00f3n de abogado debe conocer los principios que debe seguir en su labor profesional Los clientes de un Abogado tienen que tener la absoluta certeza de que su problema se est\u00e1 tratando como si el problema fuera del propio Abogado. Para ello el Abogado [&hellip;]","og_url":"https:\/\/asociacionafectadosgrupoherrerobrigantina.es\/index.php\/conoce-el-decalogo-del-abogado\/","article_modified_time":"2023-08-25T13:33:17+00:00","twitter_card":"summary_large_image","twitter_misc":{"Tiempo de lectura":"3 minutos"},"schema":{"@context":"https:\/\/schema.org","@graph":[{"@type":"WebPage","@id":"https:\/\/asociacionafectadosgrupoherrerobrigantina.es\/index.php\/conoce-el-decalogo-del-abogado\/","url":"https:\/\/asociacionafectadosgrupoherrerobrigantina.es\/index.php\/conoce-el-decalogo-del-abogado\/","name":"-","isPartOf":{"@id":"https:\/\/asociacionafectadosgrupoherrerobrigantina.es\/#website"},"datePublished":"2023-08-25T11:09:20+00:00","dateModified":"2023-08-25T13:33:17+00:00","inLanguage":"es","potentialAction":[{"@type":"ReadAction","target":["https:\/\/asociacionafectadosgrupoherrerobrigantina.es\/index.php\/conoce-el-decalogo-del-abogado\/"]}]},{"@type":"WebSite","@id":"https:\/\/asociacionafectadosgrupoherrerobrigantina.es\/#website","url":"https:\/\/asociacionafectadosgrupoherrerobrigantina.es\/","name":"","description":"","potentialAction":[{"@type":"SearchAction","target":{"@type":"EntryPoint","urlTemplate":"https:\/\/asociacionafectadosgrupoherrerobrigantina.es\/?s={search_term_string}"},"query-input":{"@type":"PropertyValueSpecification","valueRequired":true,"valueName":"search_term_string"}}],"inLanguage":"es"}]}},"jetpack_sharing_enabled":true,"_links":{"self":[{"href":"https:\/\/asociacionafectadosgrupoherrerobrigantina.es\/index.php\/wp-json\/wp\/v2\/pages\/654","targetHints":{"allow":["GET"]}}],"collection":[{"href":"https:\/\/asociacionafectadosgrupoherrerobrigantina.es\/index.php\/wp-json\/wp\/v2\/pages"}],"about":[{"href":"https:\/\/asociacionafectadosgrupoherrerobrigantina.es\/index.php\/wp-json\/wp\/v2\/types\/page"}],"author":[{"embeddable":true,"href":"https:\/\/asociacionafectadosgrupoherrerobrigantina.es\/index.php\/wp-json\/wp\/v2\/users\/1"}],"replies":[{"embeddable":true,"href":"https:\/\/asociacionafectadosgrupoherrerobrigantina.es\/index.php\/wp-json\/wp\/v2\/comments?post=654"}],"version-history":[{"count":48,"href":"https:\/\/asociacionafectadosgrupoherrerobrigantina.es\/index.php\/wp-json\/wp\/v2\/pages\/654\/revisions"}],"predecessor-version":[{"id":721,"href":"https:\/\/asociacionafectadosgrupoherrerobrigantina.es\/index.php\/wp-json\/wp\/v2\/pages\/654\/revisions\/721"}],"wp:attachment":[{"href":"https:\/\/asociacionafectadosgrupoherrerobrigantina.es\/index.php\/wp-json\/wp\/v2\/media?parent=654"}],"curies":[{"name":"wp","href":"https:\/\/api.w.org\/{rel}","templated":true}]}}