{"id":99,"date":"2023-06-06T10:09:22","date_gmt":"2023-06-06T10:09:22","guid":{"rendered":"https:\/\/asociacionafectadosgrupoherrerobrigantina.es\/?page_id=99"},"modified":"2023-06-06T15:00:19","modified_gmt":"2023-06-06T15:00:19","slug":"nosotros","status":"publish","type":"page","link":"https:\/\/asociacionafectadosgrupoherrerobrigantina.es\/index.php\/nosotros\/","title":{"rendered":"Nosotros"},"content":{"rendered":"\t\t<div data-elementor-type=\"wp-page\" data-elementor-id=\"99\" class=\"elementor elementor-99\" data-elementor-post-type=\"page\">\n\t\t\t\t\t\t<section class=\"elementor-section elementor-top-section elementor-element elementor-element-6a769356 elementor-section-full_width elementor-section-height-default elementor-section-height-default\" data-id=\"6a769356\" data-element_type=\"section\" data-e-type=\"section\" id=\"Quequierescompraryvender\">\n\t\t\t\t\t\t<div class=\"elementor-container elementor-column-gap-default\">\n\t\t\t\t\t<div class=\"elementor-column elementor-col-100 elementor-top-column elementor-element elementor-element-7145f74c\" data-id=\"7145f74c\" data-element_type=\"column\" data-e-type=\"column\">\n\t\t\t<div class=\"elementor-widget-wrap elementor-element-populated\">\n\t\t\t\t\t\t<section class=\"elementor-section elementor-inner-section elementor-element elementor-element-ccbc15a elementor-section-boxed elementor-section-height-default elementor-section-height-default\" data-id=\"ccbc15a\" data-element_type=\"section\" data-e-type=\"section\">\n\t\t\t\t\t\t<div class=\"elementor-container elementor-column-gap-default\">\n\t\t\t\t\t<div class=\"elementor-column elementor-col-50 elementor-inner-column elementor-element elementor-element-2fa444a6\" data-id=\"2fa444a6\" data-element_type=\"column\" data-e-type=\"column\">\n\t\t\t<div class=\"elementor-widget-wrap elementor-element-populated\">\n\t\t\t\t\t\t<div class=\"elementor-element elementor-element-1b68280c elementor-widget elementor-widget-heading\" data-id=\"1b68280c\" data-element_type=\"widget\" data-e-type=\"widget\" data-widget_type=\"heading.default\">\n\t\t\t\t<div class=\"elementor-widget-container\">\n\t\t\t\t\t<h2 class=\"elementor-heading-title elementor-size-default\">NOSOTROS<\/h2>\t\t\t\t<\/div>\n\t\t\t\t<\/div>\n\t\t\t\t<div class=\"elementor-element elementor-element-620149b9 elementor-widget elementor-widget-text-editor\" data-id=\"620149b9\" data-element_type=\"widget\" data-e-type=\"widget\" data-widget_type=\"text-editor.default\">\n\t\t\t\t<div class=\"elementor-widget-container\">\n\t\t\t\t\t\t\t\t\t<p>La Asociaci\u00f3n de Afectados por Estafa en Inversiones Herrero Brigantina (AAEIHB) ha sido creada para unir a todas las personas que hayan sido afectadas por fraudes relacionados con las inversiones en cualquiera de las empresas que conforman el Grupo Herrero Brigantina. El objetivo fundacional de la Asociaci\u00f3n es la defensa de los derechos b\u00e1sicos de los consumidores, especialmente de aquellos que afecten a sus leg\u00edtimos intereses econ\u00f3micos y sociales frente a las pr\u00e1cticas comerciales desleales, abusivas y fraudulentas. Para ello la asociaci\u00f3n realizar\u00e1 acciones judiciales de orden penal para reclamar por parte de sus asociados la devoluci\u00f3n de las inversiones realizadas en las diferentes empresas del Grupo Herrero Brigantina.<\/p><p><span style=\"vertical-align: inherit;\">La Asociaci\u00f3n ha sido precursora en el modo de afrontar la persecuci\u00f3n de estos delitos en el \u00e1mbito penal. Nuestra Asociaci\u00f3n, representada por Abogados especializados en Derecho Penal Econ\u00f3mico cuenta con un equipo profesional especializado en la materia que asesorar\u00e1n a lo largo de todo el procedimiento judicial a nuestros asociados con las mejores opciones para recuperar su inversi\u00f3n y las rentabilidades prometidas.\u00a0<\/span><\/p><p>Y no s\u00f3lo se trata de unir a todos los afectados sino de contar con los mejores profesionales (abogados, economistas y peritos) para obtener los mejores resultados en el procedimiento judicial.<\/p>\t\t\t\t\t\t\t\t<\/div>\n\t\t\t\t<\/div>\n\t\t\t\t\t<\/div>\n\t\t<\/div>\n\t\t\t\t<div class=\"elementor-column elementor-col-50 elementor-inner-column elementor-element elementor-element-57b5f00\" data-id=\"57b5f00\" data-element_type=\"column\" data-e-type=\"column\">\n\t\t\t<div class=\"elementor-widget-wrap elementor-element-populated\">\n\t\t\t\t\t\t<div class=\"elementor-element elementor-element-2e02255d elementor-widget elementor-widget-image\" data-id=\"2e02255d\" data-element_type=\"widget\" data-e-type=\"widget\" data-widget_type=\"image.default\">\n\t\t\t\t<div class=\"elementor-widget-container\">\n\t\t\t\t\t\t\t\t\t\t\t\t\t\t\t<img fetchpriority=\"high\" decoding=\"async\" width=\"683\" height=\"1024\" src=\"https:\/\/asociacionafectadosgrupoherrerobrigantina.es\/wp-content\/uploads\/2023\/06\/bodegon-balanza-justicia-scaled-1-683x1024.jpg\" class=\"attachment-large size-large wp-image-25\" alt=\"\" srcset=\"https:\/\/asociacionafectadosgrupoherrerobrigantina.es\/wp-content\/uploads\/2023\/06\/bodegon-balanza-justicia-scaled-1-683x1024.jpg 683w, https:\/\/asociacionafectadosgrupoherrerobrigantina.es\/wp-content\/uploads\/2023\/06\/bodegon-balanza-justicia-scaled-1-200x300.jpg 200w, https:\/\/asociacionafectadosgrupoherrerobrigantina.es\/wp-content\/uploads\/2023\/06\/bodegon-balanza-justicia-scaled-1-768x1152.jpg 768w, https:\/\/asociacionafectadosgrupoherrerobrigantina.es\/wp-content\/uploads\/2023\/06\/bodegon-balanza-justicia-scaled-1-1024x1536.jpg 1024w, https:\/\/asociacionafectadosgrupoherrerobrigantina.es\/wp-content\/uploads\/2023\/06\/bodegon-balanza-justicia-scaled-1-1366x2048.jpg 1366w, https:\/\/asociacionafectadosgrupoherrerobrigantina.es\/wp-content\/uploads\/2023\/06\/bodegon-balanza-justicia-scaled-1.jpg 1707w\" sizes=\"(max-width: 683px) 100vw, 683px\" \/>\t\t\t\t\t\t\t\t\t\t\t\t\t\t\t<\/div>\n\t\t\t\t<\/div>\n\t\t\t\t\t<\/div>\n\t\t<\/div>\n\t\t\t\t\t<\/div>\n\t\t<\/section>\n\t\t\t\t\t<\/div>\n\t\t<\/div>\n\t\t\t\t\t<\/div>\n\t\t<\/section>\n\t\t\t\t<\/div>\n\t\t","protected":false},"excerpt":{"rendered":"<p>NOSOTROS La Asociaci\u00f3n de Afectados por Estafa en Inversiones Herrero Brigantina (AAEIHB) ha sido creada para unir a todas las personas que hayan sido afectadas por fraudes relacionados con las inversiones en cualquiera de las empresas que conforman el Grupo Herrero Brigantina. El objetivo fundacional de la Asociaci\u00f3n es la defensa de los derechos b\u00e1sicos [&hellip;]<\/p>\n","protected":false},"author":1,"featured_media":0,"parent":0,"menu_order":0,"comment_status":"closed","ping_status":"closed","template":"","meta":{"_uf_show_specific_survey":0,"_uf_disable_surveys":false,"site-sidebar-layout":"no-sidebar","site-content-layout":"page-builder","ast-site-content-layout":"default","site-content-style":"default","site-sidebar-style":"default","ast-global-header-display":"","ast-banner-title-visibility":"","ast-main-header-display":"","ast-hfb-above-header-display":"","ast-hfb-below-header-display":"","ast-hfb-mobile-header-display":"","site-post-title":"disabled","ast-breadcrumbs-content":"","ast-featured-img":"disabled","footer-sml-layout":"","ast-disable-related-posts":"","theme-transparent-header-meta":"","adv-header-id-meta":"","stick-header-meta":"","header-above-stick-meta":"","header-main-stick-meta":"","header-below-stick-meta":"","astra-migrate-meta-layouts":"default","ast-page-background-enabled":"default","ast-page-background-meta":{"desktop":{"background-color":"var(--ast-global-color-4)","background-image":"","background-repeat":"repeat","background-position":"center center","background-size":"auto","background-attachment":"scroll","background-type":"","background-media":"","overlay-type":"","overlay-color":"","overlay-opacity":"","overlay-gradient":""},"tablet":{"background-color":"","background-image":"","background-repeat":"repeat","background-position":"center center","background-size":"auto","background-attachment":"scroll","background-type":"","background-media":"","overlay-type":"","overlay-color":"","overlay-opacity":"","overlay-gradient":""},"mobile":{"background-color":"","background-image":"","background-repeat":"repeat","background-position":"center center","background-size":"auto","background-attachment":"scroll","background-type":"","background-media":"","overlay-type":"","overlay-color":"","overlay-opacity":"","overlay-gradient":""}},"ast-content-background-meta":{"desktop":{"background-color":"var(--ast-global-color-5)","background-image":"","background-repeat":"repeat","background-position":"center center","background-size":"auto","background-attachment":"scroll","background-type":"","background-media":"","overlay-type":"","overlay-color":"","overlay-opacity":"","overlay-gradient":""},"tablet":{"background-color":"var(--ast-global-color-5)","background-image":"","background-repeat":"repeat","background-position":"center center","background-size":"auto","background-attachment":"scroll","background-type":"","background-media":"","overlay-type":"","overlay-color":"","overlay-opacity":"","overlay-gradient":""},"mobile":{"background-color":"var(--ast-global-color-5)","background-image":"","background-repeat":"repeat","background-position":"center center","background-size":"auto","background-attachment":"scroll","background-type":"","background-media":"","overlay-type":"","overlay-color":"","overlay-opacity":"","overlay-gradient":""}},"footnotes":""},"class_list":["post-99","page","type-page","status-publish","hentry"],"yoast_head":"<!-- This site is optimized with the Yoast SEO plugin v27.5 - https:\/\/yoast.com\/product\/yoast-seo-wordpress\/ -->\n<title>Nosotros -<\/title>\n<meta name=\"robots\" content=\"index, follow, max-snippet:-1, max-image-preview:large, max-video-preview:-1\" \/>\n<link rel=\"canonical\" href=\"https:\/\/asociacionafectadosgrupoherrerobrigantina.es\/\" \/>\n<meta property=\"og:locale\" content=\"es_ES\" \/>\n<meta property=\"og:type\" content=\"article\" \/>\n<meta property=\"og:title\" content=\"Nosotros -\" \/>\n<meta property=\"og:description\" content=\"NOSOTROS La Asociaci\u00f3n de Afectados por Estafa en Inversiones Herrero Brigantina (AAEIHB) ha sido creada para unir a todas las personas que hayan sido afectadas por fraudes relacionados con las inversiones en cualquiera de las empresas que conforman el Grupo Herrero Brigantina. El objetivo fundacional de la Asociaci\u00f3n es la defensa de los derechos b\u00e1sicos [&hellip;]\" \/>\n<meta property=\"og:url\" content=\"https:\/\/asociacionafectadosgrupoherrerobrigantina.es\/\" \/>\n<meta property=\"article:modified_time\" content=\"2023-06-06T15:00:19+00:00\" \/>\n<meta property=\"og:image\" content=\"https:\/\/asociacionafectadosgrupoherrerobrigantina.es\/wp-content\/uploads\/2023\/06\/bodegon-balanza-justicia-scaled-1-683x1024.jpg\" \/>\n<meta name=\"twitter:card\" content=\"summary_large_image\" \/>\n<meta name=\"twitter:label1\" content=\"Tiempo de lectura\" \/>\n\t<meta name=\"twitter:data1\" content=\"2 minutos\" \/>\n<script type=\"application\/ld+json\" class=\"yoast-schema-graph\">{\"@context\":\"https:\\\/\\\/schema.org\",\"@graph\":[{\"@type\":\"WebPage\",\"@id\":\"https:\\\/\\\/asociacionafectadosgrupoherrerobrigantina.es\\\/index.php\\\/nosotros\\\/\",\"url\":\"https:\\\/\\\/asociacionafectadosgrupoherrerobrigantina.es\\\/\",\"name\":\"Nosotros -\",\"isPartOf\":{\"@id\":\"https:\\\/\\\/asociacionafectadosgrupoherrerobrigantina.es\\\/#website\"},\"primaryImageOfPage\":{\"@id\":\"https:\\\/\\\/asociacionafectadosgrupoherrerobrigantina.es\\\/#primaryimage\"},\"image\":{\"@id\":\"https:\\\/\\\/asociacionafectadosgrupoherrerobrigantina.es\\\/#primaryimage\"},\"thumbnailUrl\":\"https:\\\/\\\/asociacionafectadosgrupoherrerobrigantina.es\\\/wp-content\\\/uploads\\\/2023\\\/06\\\/bodegon-balanza-justicia-scaled-1-683x1024.jpg\",\"datePublished\":\"2023-06-06T10:09:22+00:00\",\"dateModified\":\"2023-06-06T15:00:19+00:00\",\"breadcrumb\":{\"@id\":\"https:\\\/\\\/asociacionafectadosgrupoherrerobrigantina.es\\\/#breadcrumb\"},\"inLanguage\":\"es\",\"potentialAction\":[{\"@type\":\"ReadAction\",\"target\":[\"https:\\\/\\\/asociacionafectadosgrupoherrerobrigantina.es\\\/\"]}]},{\"@type\":\"ImageObject\",\"inLanguage\":\"es\",\"@id\":\"https:\\\/\\\/asociacionafectadosgrupoherrerobrigantina.es\\\/#primaryimage\",\"url\":\"https:\\\/\\\/asociacionafectadosgrupoherrerobrigantina.es\\\/wp-content\\\/uploads\\\/2023\\\/06\\\/bodegon-balanza-justicia-scaled-1.jpg\",\"contentUrl\":\"https:\\\/\\\/asociacionafectadosgrupoherrerobrigantina.es\\\/wp-content\\\/uploads\\\/2023\\\/06\\\/bodegon-balanza-justicia-scaled-1.jpg\",\"width\":1707,\"height\":2560},{\"@type\":\"BreadcrumbList\",\"@id\":\"https:\\\/\\\/asociacionafectadosgrupoherrerobrigantina.es\\\/#breadcrumb\",\"itemListElement\":[{\"@type\":\"ListItem\",\"position\":1,\"name\":\"Portada\",\"item\":\"https:\\\/\\\/asociacionafectadosgrupoherrerobrigantina.es\\\/\"},{\"@type\":\"ListItem\",\"position\":2,\"name\":\"Nosotros\"}]},{\"@type\":\"WebSite\",\"@id\":\"https:\\\/\\\/asociacionafectadosgrupoherrerobrigantina.es\\\/#website\",\"url\":\"https:\\\/\\\/asociacionafectadosgrupoherrerobrigantina.es\\\/\",\"name\":\"\",\"description\":\"\",\"potentialAction\":[{\"@type\":\"SearchAction\",\"target\":{\"@type\":\"EntryPoint\",\"urlTemplate\":\"https:\\\/\\\/asociacionafectadosgrupoherrerobrigantina.es\\\/?s={search_term_string}\"},\"query-input\":{\"@type\":\"PropertyValueSpecification\",\"valueRequired\":true,\"valueName\":\"search_term_string\"}}],\"inLanguage\":\"es\"}]}<\/script>\n<!-- \/ Yoast SEO plugin. -->","yoast_head_json":{"title":"Nosotros -","robots":{"index":"index","follow":"follow","max-snippet":"max-snippet:-1","max-image-preview":"max-image-preview:large","max-video-preview":"max-video-preview:-1"},"canonical":"https:\/\/asociacionafectadosgrupoherrerobrigantina.es\/","og_locale":"es_ES","og_type":"article","og_title":"Nosotros -","og_description":"NOSOTROS La Asociaci\u00f3n de Afectados por Estafa en Inversiones Herrero Brigantina (AAEIHB) ha sido creada para unir a todas las personas que hayan sido afectadas por fraudes relacionados con las inversiones en cualquiera de las empresas que conforman el Grupo Herrero Brigantina. El objetivo fundacional de la Asociaci\u00f3n es la defensa de los derechos b\u00e1sicos [&hellip;]","og_url":"https:\/\/asociacionafectadosgrupoherrerobrigantina.es\/","article_modified_time":"2023-06-06T15:00:19+00:00","og_image":[{"url":"https:\/\/asociacionafectadosgrupoherrerobrigantina.es\/wp-content\/uploads\/2023\/06\/bodegon-balanza-justicia-scaled-1-683x1024.jpg","type":"","width":"","height":""}],"twitter_card":"summary_large_image","twitter_misc":{"Tiempo de lectura":"2 minutos"},"schema":{"@context":"https:\/\/schema.org","@graph":[{"@type":"WebPage","@id":"https:\/\/asociacionafectadosgrupoherrerobrigantina.es\/index.php\/nosotros\/","url":"https:\/\/asociacionafectadosgrupoherrerobrigantina.es\/","name":"Nosotros -","isPartOf":{"@id":"https:\/\/asociacionafectadosgrupoherrerobrigantina.es\/#website"},"primaryImageOfPage":{"@id":"https:\/\/asociacionafectadosgrupoherrerobrigantina.es\/#primaryimage"},"image":{"@id":"https:\/\/asociacionafectadosgrupoherrerobrigantina.es\/#primaryimage"},"thumbnailUrl":"https:\/\/asociacionafectadosgrupoherrerobrigantina.es\/wp-content\/uploads\/2023\/06\/bodegon-balanza-justicia-scaled-1-683x1024.jpg","datePublished":"2023-06-06T10:09:22+00:00","dateModified":"2023-06-06T15:00:19+00:00","breadcrumb":{"@id":"https:\/\/asociacionafectadosgrupoherrerobrigantina.es\/#breadcrumb"},"inLanguage":"es","potentialAction":[{"@type":"ReadAction","target":["https:\/\/asociacionafectadosgrupoherrerobrigantina.es\/"]}]},{"@type":"ImageObject","inLanguage":"es","@id":"https:\/\/asociacionafectadosgrupoherrerobrigantina.es\/#primaryimage","url":"https:\/\/asociacionafectadosgrupoherrerobrigantina.es\/wp-content\/uploads\/2023\/06\/bodegon-balanza-justicia-scaled-1.jpg","contentUrl":"https:\/\/asociacionafectadosgrupoherrerobrigantina.es\/wp-content\/uploads\/2023\/06\/bodegon-balanza-justicia-scaled-1.jpg","width":1707,"height":2560},{"@type":"BreadcrumbList","@id":"https:\/\/asociacionafectadosgrupoherrerobrigantina.es\/#breadcrumb","itemListElement":[{"@type":"ListItem","position":1,"name":"Portada","item":"https:\/\/asociacionafectadosgrupoherrerobrigantina.es\/"},{"@type":"ListItem","position":2,"name":"Nosotros"}]},{"@type":"WebSite","@id":"https:\/\/asociacionafectadosgrupoherrerobrigantina.es\/#website","url":"https:\/\/asociacionafectadosgrupoherrerobrigantina.es\/","name":"","description":"","potentialAction":[{"@type":"SearchAction","target":{"@type":"EntryPoint","urlTemplate":"https:\/\/asociacionafectadosgrupoherrerobrigantina.es\/?s={search_term_string}"},"query-input":{"@type":"PropertyValueSpecification","valueRequired":true,"valueName":"search_term_string"}}],"inLanguage":"es"}]}},"jetpack_sharing_enabled":true,"_links":{"self":[{"href":"https:\/\/asociacionafectadosgrupoherrerobrigantina.es\/index.php\/wp-json\/wp\/v2\/pages\/99","targetHints":{"allow":["GET"]}}],"collection":[{"href":"https:\/\/asociacionafectadosgrupoherrerobrigantina.es\/index.php\/wp-json\/wp\/v2\/pages"}],"about":[{"href":"https:\/\/asociacionafectadosgrupoherrerobrigantina.es\/index.php\/wp-json\/wp\/v2\/types\/page"}],"author":[{"embeddable":true,"href":"https:\/\/asociacionafectadosgrupoherrerobrigantina.es\/index.php\/wp-json\/wp\/v2\/users\/1"}],"replies":[{"embeddable":true,"href":"https:\/\/asociacionafectadosgrupoherrerobrigantina.es\/index.php\/wp-json\/wp\/v2\/comments?post=99"}],"version-history":[{"count":12,"href":"https:\/\/asociacionafectadosgrupoherrerobrigantina.es\/index.php\/wp-json\/wp\/v2\/pages\/99\/revisions"}],"predecessor-version":[{"id":287,"href":"https:\/\/asociacionafectadosgrupoherrerobrigantina.es\/index.php\/wp-json\/wp\/v2\/pages\/99\/revisions\/287"}],"wp:attachment":[{"href":"https:\/\/asociacionafectadosgrupoherrerobrigantina.es\/index.php\/wp-json\/wp\/v2\/media?parent=99"}],"curies":[{"name":"wp","href":"https:\/\/api.w.org\/{rel}","templated":true}]}}